{"id":529,"date":"2023-02-26T20:12:12","date_gmt":"2023-02-26T20:12:12","guid":{"rendered":"https:\/\/unitedsafety.hu\/about\/"},"modified":"2023-03-09T19:13:45","modified_gmt":"2023-03-09T19:13:45","slug":"about","status":"publish","type":"page","link":"https:\/\/unitedsafety.hu\/en\/about\/","title":{"rendered":"About"},"content":{"rendered":"\t\t<div data-elementor-type=\"wp-page\" data-elementor-id=\"529\" class=\"elementor elementor-529 elementor-248\" data-elementor-post-type=\"page\">\n\t\t\t\t<div class=\"elementor-element elementor-element-51d29dd e-flex e-con-boxed e-con e-parent\" data-id=\"51d29dd\" data-element_type=\"container\" data-settings=\"{&quot;background_background&quot;:&quot;classic&quot;}\">\n\t\t\t\t\t<div class=\"e-con-inner\">\n\t\t\t\t<div class=\"elementor-element elementor-element-45075c2 elementor-widget elementor-widget-heading\" data-id=\"45075c2\" data-element_type=\"widget\" data-widget_type=\"heading.default\">\n\t\t\t\t<div class=\"elementor-widget-container\">\n\t\t\t\t\t<h2 class=\"elementor-heading-title elementor-size-default\">All accidents are preventable<\/h2>\t\t\t\t<\/div>\n\t\t\t\t<\/div>\n\t\t\t\t\t<\/div>\n\t\t\t\t<\/div>\n\t\t<div class=\"elementor-element elementor-element-da859e9 e-flex e-con-boxed e-con e-parent\" data-id=\"da859e9\" data-element_type=\"container\">\n\t\t\t\t\t<div class=\"e-con-inner\">\n\t\t<div class=\"elementor-element elementor-element-0f77fe4 e-con-full e-flex e-con e-parent\" data-id=\"0f77fe4\" data-element_type=\"container\">\n\t\t\t\t<div class=\"elementor-element elementor-element-3d853d1 elementor-widget elementor-widget-heading\" data-id=\"3d853d1\" data-element_type=\"widget\" data-widget_type=\"heading.default\">\n\t\t\t\t<div class=\"elementor-widget-container\">\n\t\t\t\t\t<h2 class=\"elementor-heading-title elementor-size-default\">About me in brief<\/h2>\t\t\t\t<\/div>\n\t\t\t\t<\/div>\n\t\t\t\t<div class=\"elementor-element elementor-element-06f75c6 elementor-widget elementor-widget-text-editor\" data-id=\"06f75c6\" data-element_type=\"widget\" data-widget_type=\"text-editor.default\">\n\t\t\t\t<div class=\"elementor-widget-container\">\n\t\t\t\t\t\t\t\t\t<p>In five years, I have worked my way up the career ladder: student worker &#8211; trainee &#8211; employee &#8211; self-employed &#8211; Ltd. owner and managing director. Each stage has its own experience. As a former student worker, trainee and employee, I have experienced the worker side of occupational safety and health first hand. I have been watching and learning while working until I can now say that I am expanding beyond the employees to the responsible world of employers and I have to comply with the legislation on health and safety for employers.  <\/p>\n<p>When I founded the company, I had a clear goal to have a team of constructive, practical and professionally reliable people, without exception. I can say this with confidence: we have succeeded and we are ready for any challenge.<\/p>\n\t\t\t\t\t\t\t\t<\/div>\n\t\t\t\t<\/div>\n\t\t\t\t<div class=\"elementor-element elementor-element-dff06e4 elementor-widget elementor-widget-heading\" data-id=\"dff06e4\" data-element_type=\"widget\" data-widget_type=\"heading.default\">\n\t\t\t\t<div class=\"elementor-widget-container\">\n\t\t\t\t\t<h2 class=\"elementor-heading-title elementor-size-default\">Working safely by following the rules<\/h2>\t\t\t\t<\/div>\n\t\t\t\t<\/div>\n\t\t\t\t<div class=\"elementor-element elementor-element-fa6ff8b elementor-widget elementor-widget-text-editor\" data-id=\"fa6ff8b\" data-element_type=\"widget\" data-widget_type=\"text-editor.default\">\n\t\t\t\t<div class=\"elementor-widget-container\">\n\t\t\t\t\t\t\t\t\t<p>In construction and operation areas (be it an agricultural or a car repair shop), we have to comply with strict health and safety and fire protection rules to ensure that the personal, material and organisational conditions for safe work are in place.  <\/p>\n<p>For business leaders, complying with today&#8217;s opaque and fast-changing legal obligations is almost impossible without help.<\/p>\n<p>As an engineer, I work to  <\/p>\n<ul>\n<li>the rules on health, safety and fire protection are fully complied with,  <\/li>\n<li>accidents at work are prevented,  <\/li>\n<li>to provide practical solutions to the issues raised,  <\/li>\n<li>business leaders can focus on growing their companies.<\/li>\n<\/ul>\n\t\t\t\t\t\t\t\t<\/div>\n\t\t\t\t<\/div>\n\t\t\t\t<\/div>\n\t\t<div class=\"elementor-element elementor-element-63c2925 e-con-full e-flex e-con e-parent\" data-id=\"63c2925\" data-element_type=\"container\">\n\t\t\t\t<div class=\"elementor-element elementor-element-786ca29 elementor-widget elementor-widget-image\" data-id=\"786ca29\" data-element_type=\"widget\" data-widget_type=\"image.default\">\n\t\t\t\t<div class=\"elementor-widget-container\">\n\t\t\t\t\t\t\t\t\t\t\t\t\t\t\t<img fetchpriority=\"high\" decoding=\"async\" width=\"600\" height=\"900\" src=\"https:\/\/unitedsafety.hu\/wp-content\/uploads\/2023\/02\/bemutat_rolam.jpg\" class=\"attachment-large size-large wp-image-512\" alt=\"\" srcset=\"https:\/\/unitedsafety.hu\/wp-content\/uploads\/2023\/02\/bemutat_rolam.jpg 600w, https:\/\/unitedsafety.hu\/wp-content\/uploads\/2023\/02\/bemutat_rolam-200x300.jpg 200w\" sizes=\"(max-width: 600px) 100vw, 600px\" \/>\t\t\t\t\t\t\t\t\t\t\t\t\t\t\t<\/div>\n\t\t\t\t<\/div>\n\t\t\t\t<div class=\"elementor-element elementor-element-a0dfc61 elementor-widget elementor-widget-heading\" data-id=\"a0dfc61\" data-element_type=\"widget\" data-widget_type=\"heading.default\">\n\t\t\t\t<div class=\"elementor-widget-container\">\n\t\t\t\t\t<h2 class=\"elementor-heading-title elementor-size-default\">\u00c1d\u00e1m Farag\u00f3<\/h2>\t\t\t\t<\/div>\n\t\t\t\t<\/div>\n\t\t\t\t<div class=\"elementor-element elementor-element-7cdee41 elementor-widget elementor-widget-heading\" data-id=\"7cdee41\" data-element_type=\"widget\" data-widget_type=\"heading.default\">\n\t\t\t\t<div class=\"elementor-widget-container\">\n\t\t\t\t\t<h2 class=\"elementor-heading-title elementor-size-default\">United Safety Kft. Managing Director<\/h2>\t\t\t\t<\/div>\n\t\t\t\t<\/div>\n\t\t\t\t<\/div>\n\t\t\t\t\t<\/div>\n\t\t\t\t<\/div>\n\t\t<div class=\"elementor-element elementor-element-8737db9 e-flex e-con-boxed e-con e-parent\" data-id=\"8737db9\" data-element_type=\"container\" data-settings=\"{&quot;background_background&quot;:&quot;classic&quot;}\">\n\t\t\t\t\t<div class=\"e-con-inner\">\n\t\t\t\t<div class=\"elementor-element elementor-element-71fd4f2 elementor-widget elementor-widget-heading\" data-id=\"71fd4f2\" data-element_type=\"widget\" data-widget_type=\"heading.default\">\n\t\t\t\t<div class=\"elementor-widget-container\">\n\t\t\t\t\t<h2 class=\"elementor-heading-title elementor-size-default\">Security can be in one hand<\/h2>\t\t\t\t<\/div>\n\t\t\t\t<\/div>\n\t\t\t\t<div class=\"elementor-element elementor-element-12a97ba elementor-widget elementor-widget-text-editor\" data-id=\"12a97ba\" data-element_type=\"widget\" data-widget_type=\"text-editor.default\">\n\t\t\t\t<div class=\"elementor-widget-container\">\n\t\t\t\t\t\t\t\t\t<p>The organisation of occupational safety is closely linked to fire safety and environmental protection.  <br>In addition, different areas of security require different qualifications.  <br>Just to give a few examples: person qualified in occupational health and safety, electrical safety inspector, lifting equipment expert, ADR adviser, etc.<\/p>\n<p>I believe in a one-stop-shop approach, we can be a one-stop-shop for our clients from carrying out a workplace risk assessment to drafting a fire safety code to carrying out a contact safety review.<\/p>\t\t\t\t\t\t\t\t<\/div>\n\t\t\t\t<\/div>\n\t\t\t\t<div class=\"elementor-element elementor-element-e1b9eea elementor-align-center elementor-mobile-align-center elementor-widget elementor-widget-button\" data-id=\"e1b9eea\" data-element_type=\"widget\" data-widget_type=\"button.default\">\n\t\t\t\t<div class=\"elementor-widget-container\">\n\t\t\t\t\t\t\t\t\t<div class=\"elementor-button-wrapper\">\n\t\t\t\t\t<a class=\"elementor-button elementor-button-link elementor-size-sm\" href=\"#elementor-action%3Aaction%3Dpopup%3Aopen%26settings%3DeyJpZCI6NTk1LCJ0b2dnbGUiOmZhbHNlfQ%3D%3D\">\n\t\t\t\t\t\t<span class=\"elementor-button-content-wrapper\">\n\t\t\t\t\t\t\t\t\t<span class=\"elementor-button-text\">I want to work with you<\/span>\n\t\t\t\t\t<\/span>\n\t\t\t\t\t<\/a>\n\t\t\t\t<\/div>\n\t\t\t\t\t\t\t\t<\/div>\n\t\t\t\t<\/div>\n\t\t\t\t\t<\/div>\n\t\t\t\t<\/div>\n\t\t<div class=\"elementor-element elementor-element-260cd8a e-flex e-con-boxed e-con e-parent\" data-id=\"260cd8a\" data-element_type=\"container\">\n\t\t\t\t\t<div class=\"e-con-inner\">\n\t\t\t\t<div class=\"elementor-element elementor-element-3b87af0 elementor-widget__width-initial elementor-widget elementor-widget-heading\" data-id=\"3b87af0\" data-element_type=\"widget\" data-widget_type=\"heading.default\">\n\t\t\t\t<div class=\"elementor-widget-container\">\n\t\t\t\t\t<h2 class=\"elementor-heading-title elementor-size-default\">Meeting the requirements of multinational companies\n<\/h2>\t\t\t\t<\/div>\n\t\t\t\t<\/div>\n\t\t<div class=\"elementor-element elementor-element-54ab481 e-con-full e-flex e-con e-parent\" data-id=\"54ab481\" data-element_type=\"container\">\n\t\t\t\t<div class=\"elementor-element elementor-element-d2520b3 elementor-widget elementor-widget-text-editor\" data-id=\"d2520b3\" data-element_type=\"widget\" data-widget_type=\"text-editor.default\">\n\t\t\t\t<div class=\"elementor-widget-container\">\n\t\t\t\t\t\t\t\t\t<p>Pharmaceutical companies have to comply with such strict fire and health and safety regulations that even a small deficiency <b>can result in workers being suspended from work <\/b>.  <\/p>\n<p>The plants contain solvents, pipe networks and hazardous materials, which required us to be extremely precise.  <b>Several of our permanent partners are active in the pharmaceutical sector.  <\/b><\/p>\n<p>Our work involves coordinating the partner&#8217;s work and the operation of the pharmaceutical plant: liaising with the plant&#8217;s fire department, plant manager, compliance with documentation requirements and work permit requirements.<\/p>\n\t\t\t\t\t\t\t\t<\/div>\n\t\t\t\t<\/div>\n\t\t\t\t<div class=\"elementor-element elementor-element-807a742 elementor-mobile-align-center elementor-widget elementor-widget-button\" data-id=\"807a742\" data-element_type=\"widget\" data-widget_type=\"button.default\">\n\t\t\t\t<div class=\"elementor-widget-container\">\n\t\t\t\t\t\t\t\t\t<div class=\"elementor-button-wrapper\">\n\t\t\t\t\t<a class=\"elementor-button elementor-button-link elementor-size-sm\" href=\"https:\/\/unitedsafety.hu\/en\/reference\">\n\t\t\t\t\t\t<span class=\"elementor-button-content-wrapper\">\n\t\t\t\t\t\t\t\t\t<span class=\"elementor-button-text\">More references<\/span>\n\t\t\t\t\t<\/span>\n\t\t\t\t\t<\/a>\n\t\t\t\t<\/div>\n\t\t\t\t\t\t\t\t<\/div>\n\t\t\t\t<\/div>\n\t\t\t\t<\/div>\n\t\t<div class=\"elementor-element elementor-element-c89628b e-con-full e-flex e-con e-parent\" data-id=\"c89628b\" data-element_type=\"container\">\n\t\t\t\t<div class=\"elementor-element elementor-element-112d79d elementor-widget elementor-widget-image\" data-id=\"112d79d\" data-element_type=\"widget\" data-widget_type=\"image.default\">\n\t\t\t\t<div class=\"elementor-widget-container\">\n\t\t\t\t\t\t\t\t\t\t\t\t\t\t\t<img decoding=\"async\" width=\"800\" height=\"500\" src=\"https:\/\/unitedsafety.hu\/wp-content\/uploads\/2023\/02\/Gyogyszeripar-referencia-1.jpg\" class=\"attachment-large size-large wp-image-513\" alt=\"\" srcset=\"https:\/\/unitedsafety.hu\/wp-content\/uploads\/2023\/02\/Gyogyszeripar-referencia-1.jpg 800w, https:\/\/unitedsafety.hu\/wp-content\/uploads\/2023\/02\/Gyogyszeripar-referencia-1-300x188.jpg 300w, https:\/\/unitedsafety.hu\/wp-content\/uploads\/2023\/02\/Gyogyszeripar-referencia-1-768x480.jpg 768w\" sizes=\"(max-width: 800px) 100vw, 800px\" \/>\t\t\t\t\t\t\t\t\t\t\t\t\t\t\t<\/div>\n\t\t\t\t<\/div>\n\t\t\t\t<\/div>\n\t\t\t\t\t<\/div>\n\t\t\t\t<\/div>\n\t\t\t\t<\/div>\n\t\t","protected":false},"excerpt":{"rendered":"<p>All accidents are preventable About me in brief In five years, I have worked my way up the career ladder: student worker &#8211; trainee &#8211; employee &#8211; self-employed &#8211; Ltd. owner and managing director. Each stage has its own experience. As a former student worker, trainee and employee, I have experienced the worker side of [&hellip;]<\/p>\n","protected":false},"author":2,"featured_media":0,"parent":0,"menu_order":0,"comment_status":"closed","ping_status":"closed","template":"","meta":{"footnotes":""},"class_list":["post-529","page","type-page","status-publish","hentry"],"yoast_head":"<!-- This site is optimized with the Yoast SEO plugin v26.7 - https:\/\/yoast.com\/wordpress\/plugins\/seo\/ -->\n<title>About - United Safety<\/title>\n<meta name=\"robots\" content=\"index, follow, max-snippet:-1, max-image-preview:large, max-video-preview:-1\" \/>\n<link rel=\"canonical\" href=\"https:\/\/unitedsafety.hu\/en\/about\/\" \/>\n<meta property=\"og:locale\" content=\"en_US\" \/>\n<meta property=\"og:type\" content=\"article\" \/>\n<meta property=\"og:title\" content=\"About - United Safety\" \/>\n<meta property=\"og:description\" content=\"All accidents are preventable About me in brief In five years, I have worked my way up the career ladder: student worker &#8211; trainee &#8211; employee &#8211; self-employed &#8211; Ltd. owner and managing director. Each stage has its own experience. As a former student worker, trainee and employee, I have experienced the worker side of [&hellip;]\" \/>\n<meta property=\"og:url\" content=\"https:\/\/unitedsafety.hu\/en\/about\/\" \/>\n<meta property=\"og:site_name\" content=\"United Safety\" \/>\n<meta property=\"article:modified_time\" content=\"2023-03-09T19:13:45+00:00\" \/>\n<meta property=\"og:image\" content=\"https:\/\/unitedsafety.hu\/wp-content\/uploads\/2023\/02\/bemutat_rolam.jpg\" \/>\n<meta name=\"twitter:card\" content=\"summary_large_image\" \/>\n<meta name=\"twitter:label1\" content=\"Est. reading time\" \/>\n\t<meta name=\"twitter:data1\" content=\"3 minutes\" \/>\n<script type=\"application\/ld+json\" class=\"yoast-schema-graph\">{\"@context\":\"https:\/\/schema.org\",\"@graph\":[{\"@type\":\"WebPage\",\"@id\":\"https:\/\/unitedsafety.hu\/en\/about\/\",\"url\":\"https:\/\/unitedsafety.hu\/en\/about\/\",\"name\":\"About - United Safety\",\"isPartOf\":{\"@id\":\"https:\/\/unitedsafety.hu\/en\/#website\"},\"primaryImageOfPage\":{\"@id\":\"https:\/\/unitedsafety.hu\/en\/about\/#primaryimage\"},\"image\":{\"@id\":\"https:\/\/unitedsafety.hu\/en\/about\/#primaryimage\"},\"thumbnailUrl\":\"https:\/\/unitedsafety.hu\/wp-content\/uploads\/2023\/02\/bemutat_rolam.jpg\",\"datePublished\":\"2023-02-26T20:12:12+00:00\",\"dateModified\":\"2023-03-09T19:13:45+00:00\",\"breadcrumb\":{\"@id\":\"https:\/\/unitedsafety.hu\/en\/about\/#breadcrumb\"},\"inLanguage\":\"en-US\",\"potentialAction\":[{\"@type\":\"ReadAction\",\"target\":[\"https:\/\/unitedsafety.hu\/en\/about\/\"]}]},{\"@type\":\"ImageObject\",\"inLanguage\":\"en-US\",\"@id\":\"https:\/\/unitedsafety.hu\/en\/about\/#primaryimage\",\"url\":\"https:\/\/unitedsafety.hu\/wp-content\/uploads\/2023\/02\/bemutat_rolam.jpg\",\"contentUrl\":\"https:\/\/unitedsafety.hu\/wp-content\/uploads\/2023\/02\/bemutat_rolam.jpg\"},{\"@type\":\"BreadcrumbList\",\"@id\":\"https:\/\/unitedsafety.hu\/en\/about\/#breadcrumb\",\"itemListElement\":[{\"@type\":\"ListItem\",\"position\":1,\"name\":\"Kezd\u0151lap\",\"item\":\"https:\/\/unitedsafety.hu\/en\/\"},{\"@type\":\"ListItem\",\"position\":2,\"name\":\"About\"}]},{\"@type\":\"WebSite\",\"@id\":\"https:\/\/unitedsafety.hu\/en\/#website\",\"url\":\"https:\/\/unitedsafety.hu\/en\/\",\"name\":\"United Safety\",\"description\":\"Rend&iacute;thetetlen nyugalmat biztos&iacute;tunk\",\"potentialAction\":[{\"@type\":\"SearchAction\",\"target\":{\"@type\":\"EntryPoint\",\"urlTemplate\":\"https:\/\/unitedsafety.hu\/en\/?s={search_term_string}\"},\"query-input\":{\"@type\":\"PropertyValueSpecification\",\"valueRequired\":true,\"valueName\":\"search_term_string\"}}],\"inLanguage\":\"en-US\"}]}<\/script>\n<!-- \/ Yoast SEO plugin. -->","yoast_head_json":{"title":"About - United Safety","robots":{"index":"index","follow":"follow","max-snippet":"max-snippet:-1","max-image-preview":"max-image-preview:large","max-video-preview":"max-video-preview:-1"},"canonical":"https:\/\/unitedsafety.hu\/en\/about\/","og_locale":"en_US","og_type":"article","og_title":"About - United Safety","og_description":"All accidents are preventable About me in brief In five years, I have worked my way up the career ladder: student worker &#8211; trainee &#8211; employee &#8211; self-employed &#8211; Ltd. owner and managing director. Each stage has its own experience. As a former student worker, trainee and employee, I have experienced the worker side of [&hellip;]","og_url":"https:\/\/unitedsafety.hu\/en\/about\/","og_site_name":"United Safety","article_modified_time":"2023-03-09T19:13:45+00:00","og_image":[{"url":"https:\/\/unitedsafety.hu\/wp-content\/uploads\/2023\/02\/bemutat_rolam.jpg","type":"","width":"","height":""}],"twitter_card":"summary_large_image","twitter_misc":{"Est. reading time":"3 minutes"},"schema":{"@context":"https:\/\/schema.org","@graph":[{"@type":"WebPage","@id":"https:\/\/unitedsafety.hu\/en\/about\/","url":"https:\/\/unitedsafety.hu\/en\/about\/","name":"About - United Safety","isPartOf":{"@id":"https:\/\/unitedsafety.hu\/en\/#website"},"primaryImageOfPage":{"@id":"https:\/\/unitedsafety.hu\/en\/about\/#primaryimage"},"image":{"@id":"https:\/\/unitedsafety.hu\/en\/about\/#primaryimage"},"thumbnailUrl":"https:\/\/unitedsafety.hu\/wp-content\/uploads\/2023\/02\/bemutat_rolam.jpg","datePublished":"2023-02-26T20:12:12+00:00","dateModified":"2023-03-09T19:13:45+00:00","breadcrumb":{"@id":"https:\/\/unitedsafety.hu\/en\/about\/#breadcrumb"},"inLanguage":"en-US","potentialAction":[{"@type":"ReadAction","target":["https:\/\/unitedsafety.hu\/en\/about\/"]}]},{"@type":"ImageObject","inLanguage":"en-US","@id":"https:\/\/unitedsafety.hu\/en\/about\/#primaryimage","url":"https:\/\/unitedsafety.hu\/wp-content\/uploads\/2023\/02\/bemutat_rolam.jpg","contentUrl":"https:\/\/unitedsafety.hu\/wp-content\/uploads\/2023\/02\/bemutat_rolam.jpg"},{"@type":"BreadcrumbList","@id":"https:\/\/unitedsafety.hu\/en\/about\/#breadcrumb","itemListElement":[{"@type":"ListItem","position":1,"name":"Kezd\u0151lap","item":"https:\/\/unitedsafety.hu\/en\/"},{"@type":"ListItem","position":2,"name":"About"}]},{"@type":"WebSite","@id":"https:\/\/unitedsafety.hu\/en\/#website","url":"https:\/\/unitedsafety.hu\/en\/","name":"United Safety","description":"Rend&iacute;thetetlen nyugalmat biztos&iacute;tunk","potentialAction":[{"@type":"SearchAction","target":{"@type":"EntryPoint","urlTemplate":"https:\/\/unitedsafety.hu\/en\/?s={search_term_string}"},"query-input":{"@type":"PropertyValueSpecification","valueRequired":true,"valueName":"search_term_string"}}],"inLanguage":"en-US"}]}},"_links":{"self":[{"href":"https:\/\/unitedsafety.hu\/en\/wp-json\/wp\/v2\/pages\/529","targetHints":{"allow":["GET"]}}],"collection":[{"href":"https:\/\/unitedsafety.hu\/en\/wp-json\/wp\/v2\/pages"}],"about":[{"href":"https:\/\/unitedsafety.hu\/en\/wp-json\/wp\/v2\/types\/page"}],"author":[{"embeddable":true,"href":"https:\/\/unitedsafety.hu\/en\/wp-json\/wp\/v2\/users\/2"}],"replies":[{"embeddable":true,"href":"https:\/\/unitedsafety.hu\/en\/wp-json\/wp\/v2\/comments?post=529"}],"version-history":[{"count":10,"href":"https:\/\/unitedsafety.hu\/en\/wp-json\/wp\/v2\/pages\/529\/revisions"}],"predecessor-version":[{"id":594,"href":"https:\/\/unitedsafety.hu\/en\/wp-json\/wp\/v2\/pages\/529\/revisions\/594"}],"wp:attachment":[{"href":"https:\/\/unitedsafety.hu\/en\/wp-json\/wp\/v2\/media?parent=529"}],"curies":[{"name":"wp","href":"https:\/\/api.w.org\/{rel}","templated":true}]}}